{"id":3,"date":"2020-05-20T17:06:13","date_gmt":"2020-05-20T20:06:13","guid":{"rendered":"http:\/\/fellini.group\/news\/?page_id=3"},"modified":"2021-06-18T19:31:31","modified_gmt":"2021-06-18T22:31:31","slug":"politica-de-privacidade","status":"publish","type":"page","link":"https:\/\/fellini.group\/news\/politica-de-privacidade\/","title":{"rendered":"Pol\u00edtica de privacidade"},"content":{"rendered":"\n<p><strong>Pol\u00edtica de Privacidade<\/strong><\/p>\n\n\n\n<p>Seja bem-vindo(a)!<\/p>\n\n\n\n<p><strong>N\u00f3s<\/strong>&nbsp;somos a&nbsp;<strong>Fellini Group<\/strong>. Nosso grupo atua em \u00e1reas de neg\u00f3cios com as seguintes nomenclaturas:<\/p>\n\n\n\n<p>Fellini Events<\/p>\n\n\n\n<p>Fellini Events Hub&amp;Tec<\/p>\n\n\n\n<p>Fellini Corporate<\/p>\n\n\n\n<p>Fellini Turismo<\/p>\n\n\n\n<p>Fellini Sports<\/p>\n\n\n\n<p>Flashbiz &#8211; Consultoria de resultados<\/p>\n\n\n\n<p>Ficamos muito felizes por te receber na&nbsp;<strong>Fellini Group<\/strong>!<\/p>\n\n\n\n<p>Para que voc\u00ea&nbsp;possa entender como faremos o tratamento dos dados que coletaremos, disponibilizamos um breve resumo a seguir.<\/p>\n\n\n\n<p><strong>Direitos do Dono Dos Dados Pessoais<\/strong><\/p>\n\n\n\n<p>Voc\u00eas s\u00e3o os titulares (pessoas naturais) de dados pessoais a quem se referem os dados pessoais que ser\u00e3o coletados por n\u00f3s.<\/p>\n\n\n\n<p>A legisla\u00e7\u00e3o brasileira concede certos direitos \u00e0 Pessoa F\u00edsica quanto a seus dados pessoais. Dessa forma,&nbsp;n\u00f3s garantimos transpar\u00eancia e controle de acesso aos titulares de dados pessoais, proporcionando-lhes a melhor experi\u00eancia poss\u00edvel durante a utiliza\u00e7\u00e3o da Plataforma. Os direitos do titular dos dados pessoais s\u00e3o os seguintes:<\/p>\n\n\n\n<p>a) Direito de confirma\u00e7\u00e3o da exist\u00eancia de tratamento &#8211; Direito de solicitar a confirma\u00e7\u00e3o da exist\u00eancia de tratamento aos seus dados pessoais atrav\u00e9s de informa\u00e7\u00f5es claras sobre a origem dos dados, a inexist\u00eancia de registro, os crit\u00e9rios utilizados e a finalidade do tratamento;<\/p>\n\n\n\n<p>b) Direito de acesso &#8211; direito de ser informado e solicitar acesso aos dados pessoais tratados por n\u00f3s;<\/p>\n\n\n\n<p>c) Direito de retifica\u00e7\u00e3o &#8211; direito de solicitar que n\u00f3s alteremos ou atualizemos os seus dados pessoais quando os mesmos estiverem incorretos ou incompletos;<\/p>\n\n\n\n<p>d) Direito de exclus\u00e3o &#8211; direito de solicitar a elimina\u00e7\u00e3o de seus dados pessoais coletados por n\u00f3s;<\/p>\n\n\n\n<p>e) Direito de restri\u00e7\u00e3o &#8211; direito de solicitar que N\u00f3s deixemos, tempor\u00e1ria ou permanentemente, de processar todos ou alguns dos seus dados pessoais;<\/p>\n\n\n\n<p>f) Direito de oposi\u00e7\u00e3o &#8211; direito de se opor, a qualquer momento, (i) ao processamento de seus dados pessoais por motivos relacionados \u00e0 sua situa\u00e7\u00e3o particular e (ii) \u00e0 manipula\u00e7\u00e3o dos seus dados pessoais para fins de marketing direto;<\/p>\n\n\n\n<p>g) Direito \u00e0 portabilidade de dados &#8211; direito de solicitar a transmiss\u00e3o dos referidos dados pessoais para utiliza\u00e7\u00e3o em servi\u00e7os de terceiros;<\/p>\n\n\n\n<p>h) Direito \u00e0 c\u00f3pia &#8211; direito de solicitar uma c\u00f3pia dos seus dados pessoais em formato eletr\u00f4nico<\/p>\n\n\n\n<p><strong>Informa\u00e7\u00f5es \/ Finalidade da Coleta de Dados<\/strong><\/p>\n\n\n\n<p>Na tabela abaixo exibimos quais dados ser\u00e3o coletados, sua categoria e finalidade.<\/p>\n\n\n\n<figure class=\"wp-block-table\"><table><tbody><tr><td><strong>Dado coletado<\/strong><\/td><td><strong>Classifica\u00e7\u00e3o<\/strong><\/td><\/tr><tr><td>Nome completo;<br>E-mail;<br>Telefone;<br>Empresa onde trabalha;<br>Cargo;<br>Tamanho da empresa;<br>Segmento;<br>Departamento;<br>Interesses;<br>Cidade;<br>Estado.<\/td><td>Dados cadastrais<\/td><\/tr><\/tbody><\/table><\/figure>\n\n\n\n<p>Os dados coletados ser\u00e3o utilizados com as seguintes finalidades:<\/p>\n\n\n\n<figure class=\"wp-block-table\"><table><tbody><tr><td><strong>Dado coletado<\/strong><\/td><td><strong>Finalidade<\/strong><\/td><\/tr><tr><td>Dados cadastrais<\/td><td>Identifica\u00e7\u00e3o;<br>Enviar comunica\u00e7\u00f5es a&nbsp;<strong>Voc\u00ea<\/strong>.<\/td><\/tr><\/tbody><\/table><\/figure>\n\n\n\n<p>Para que todas as informa\u00e7\u00f5es sejam corretamente compreendidas, n\u00f3s apresentamos nossa Pol\u00edtica de Privacidade de forma transparente e acess\u00edvel, como poder\u00e1 ser visto a seguir:<\/p>\n\n\n\n<p><strong>\u00c9 de suma import\u00e2ncia a leitura e compreens\u00e3o deste documento.<\/strong><\/p>\n\n\n\n<p><strong>&#8211; Termos Gerais &#8211;<\/strong><\/p>\n\n\n\n<p><strong>1.1.&nbsp;<\/strong><strong>Geral<\/strong><strong>.<\/strong>&nbsp;Esta&nbsp;<strong>Pol\u00edtica de Privacidade<\/strong>&nbsp;foi concebida para comunicar as nossas pr\u00e1ticas relativas ao tratamento (inclui coleta, armazenamento, utiliza\u00e7\u00e3o, processamento e compartilhamento) de seus dados pessoais por n\u00f3s&nbsp;em todos os produtos comercializados pela <strong>Fellini Group<\/strong>. A&nbsp;<strong>Fellini Group<\/strong>&nbsp;, inscrita no CNPJ sob o n\u00ba 93.612.109-0001-60, com sede General Bento Martins 24 &#8211; 401, que, para todos os fins, ser\u00e1 considerada a controladora dos dados.<\/p>\n\n\n\n<p><strong>1.2.&nbsp;<\/strong><strong>O que s\u00e3o Dados Pessoais<\/strong><strong>.<\/strong>&nbsp;Os dados pessoais s\u00e3o as informa\u00e7\u00f5es que podem ser usadas para identificar voc\u00ea&nbsp;individualmente.<\/p>\n\n\n\n<p><strong>1.3.&nbsp;<\/strong><strong>Autoriza\u00e7\u00e3o de Coleta de Informa\u00e7\u00f5es<\/strong><strong>.<\/strong>&nbsp;Ao aceitar fornecer os seus dados,&nbsp;voc\u00ea dever\u00e1 aceitar e autorizar a coleta de informa\u00e7\u00f5es atrav\u00e9s do bot\u00e3o \u201cli e concordo com os termos&#8221;, nos termos da presente pol\u00edtica de privacidade.<\/p>\n\n\n\n<p><strong>1.3.1. <\/strong>Voc\u00ea poder\u00e1 desistir de consentir com as disposi\u00e7\u00f5es desta Pol\u00edtica de Privacidade, a qualquer momento, bastando para tal que notifique a&nbsp;<strong>Fellini Group<\/strong>&nbsp;atrav\u00e9s do e-mail sac@felliniturismo.com.br.<\/p>\n\n\n\n<p><strong>1.4.&nbsp;<\/strong><strong>Regulamenta\u00e7\u00e3o<\/strong>.&nbsp;N\u00f3s atuamos de acordo com a legisla\u00e7\u00e3o brasileira, atendendo, inclusive e especialmente, com os termos da Lei n\u00ba. 12.965\/2014 (o Marco Civil da Internet) e da Lei n\u00ba 13.709\/2018 (Lei Geral de Prote\u00e7\u00e3o de Dados) e demais leis que venham a ser aplicadas.<\/p>\n\n\n\n<p><strong>1.5.&nbsp;<\/strong><strong>Contato<\/strong>. Em caso de d\u00favida ou sugest\u00f5es sobre a Pol\u00edtica de Privacidade ou qualquer outra informa\u00e7\u00e3o,&nbsp;&nbsp;voc\u00ea poder\u00e1 entrar em contato com os administradores da&nbsp;<strong>Fellini Group<\/strong>&nbsp;atrav\u00e9s do e-mail sac@felliniturismo.com.br.<\/p>\n\n\n\n<p><strong>1.6.&nbsp;<\/strong><strong>Controle de Informa\u00e7\u00f5es<\/strong>. Esta Pol\u00edtica descreve quais os dados pessoais podem ser coletados de&nbsp;&nbsp;voc\u00eas ao nos fornecerem os mesmos, como essas informa\u00e7\u00f5es podem ser utilizadas e as precau\u00e7\u00f5es tomadas contra o acesso ou uso destas informa\u00e7\u00f5es de forma n\u00e3o autorizada.<\/p>\n\n\n\n<p><strong>&#8211; Dados Pessoais Coletados &#8211;<\/strong><\/p>\n\n\n\n<p><strong>2.1. <\/strong>N\u00f3s poderemos coletar, armazenar e utilizar as seguintes informa\u00e7\u00f5es e\/ou dados pessoais de voc\u00eas:<\/p>\n\n\n\n<p>a) Nome completo;<\/p>\n\n\n\n<p>b) E-mail;<\/p>\n\n\n\n<p>c) Telefone;<\/p>\n\n\n\n<p>d) Empresa onde trabalha;<\/p>\n\n\n\n<p>e) Cargo;<\/p>\n\n\n\n<p>f) Tamanho da empresa;<\/p>\n\n\n\n<p>g) Segmento;<\/p>\n\n\n\n<p>h) Departamento;<\/p>\n\n\n\n<p>i) Interesses;<\/p>\n\n\n\n<p>j) Cidade;<\/p>\n\n\n\n<p>k) Estado;<\/p>\n\n\n\n<p>l) Data de nascimento.<\/p>\n\n\n\n<p><strong>2.2. <\/strong>&nbsp;N\u00f3s tamb\u00e9m poderemos coletar, armazenar e utilizar as seguintes informa\u00e7\u00f5es:<\/p>\n\n\n\n<p>a) Os detalhes de acesso \u00e0&nbsp;<strong>Fellini Group<\/strong>&nbsp;e dos recursos que voc\u00ea&nbsp;acessou;<\/p>\n\n\n\n<p>b) Informa\u00e7\u00f5es do dispositivo de acesso utilizado, incluindo, por exemplo, modelo do hardware, sistema operacional e vers\u00e3o, nomes e vers\u00f5es dos arquivos, idioma de prefer\u00eancia, identificador exclusivo do dispositivo, identificadores de publicidade, n\u00famero de s\u00e9rie, informa\u00e7\u00f5es referentes ao movimento do dispositivo e informa\u00e7\u00f5es de rede;<\/p>\n\n\n\n<p>c) Informa\u00e7\u00f5es de registro do servidor que podem incluir informa\u00e7\u00f5es como endere\u00e7o IP do dispositivo;<\/p>\n\n\n\n<p>d) Mapeamento de cliques no navegador, dados de navega\u00e7\u00e3o, estat\u00edsticos, demogr\u00e1ficos, entre outros;<\/p>\n\n\n\n<p>e) Mapeamento de cliques nos aplicativos e dados de navega\u00e7\u00e3o.<\/p>\n\n\n\n<p><strong>2.3.&nbsp;<\/strong><strong>Aplicativos Nativos<\/strong>. Os aplicativos nativos podem armazenar dados de uso, imagens, v\u00eddeos, textos, senha de acesso ao sistema de biometria, os quais n\u00e3o s\u00e3o compartilhados&nbsp;Conosco.<\/p>\n\n\n\n<p><strong>&#8211; Compartilhamento dos Dados Pessoais Coletados &#8211;<\/strong><\/p>\n\n\n\n<p><strong>3.1.&nbsp;<\/strong><strong>Exce\u00e7\u00f5es para Compartilhamento de Dados Pessoais<\/strong>.&nbsp;&nbsp;N\u00f3s n\u00e3o divulgamos a terceiros qualquer dado pessoal fornecido por voc\u00eas, atrav\u00e9s de nosso site ou plataformas contratadas, exceto:<\/p>\n\n\n\n<p>a) Casos em que n\u00f3s formos obrigados a divulgar ou partilhar os dados coletados, a fim de cumprir ordem judicial, ou para efeitos de preven\u00e7\u00e3o de fraude ou outros crimes, bem como em resposta \u00e0 solicita\u00e7\u00e3o de informa\u00e7\u00f5es apresentada por autoridade competente, se entendermos que a divulga\u00e7\u00e3o est\u00e1 de acordo ou \u00e9 exigida conforme as leis, regulamentos ou procedimentos processuais aplic\u00e1veis;<\/p>\n\n\n\n<p>b) Para proteger os direitos, bens ou a seguran\u00e7a de nosso site ou plataformas contratadas;<\/p>\n\n\n\n<p>c) Com agentes da lei e\/ou autoridades governamentais, se entender-se que suas a\u00e7\u00f5es s\u00e3o inconsistentes em rela\u00e7\u00e3o \u00e0s disposi\u00e7\u00f5es em nossos termos de uso, ou para proteger os direitos, a propriedade ou a nossa&nbsp;seguran\u00e7a, a de voc\u00eas ou de outros;<\/p>\n\n\n\n<p>d) Mediante a\u00e7\u00e3o pr\u00f3pria de voc\u00eas;<\/p>\n\n\n\n<p>e) Nos casos de venda, parcial ou total, do neg\u00f3cio ou de seus ativos, ou como parte de qualquer reorganiza\u00e7\u00e3o ou reestrutura\u00e7\u00e3o do neg\u00f3cio, fus\u00e3o, cis\u00e3o ou incorpora\u00e7\u00e3o, de modo que n\u00f3s&nbsp;poderemos compartilhar as informa\u00e7\u00f5es de voc\u00eas&nbsp;com terceiros que fa\u00e7am parte dos respectivos neg\u00f3cios, tomando as medidas necess\u00e1rias para garantir que os direitos de privacidade continuem a ser protegidos, conforme esta Pol\u00edtica;<\/p>\n\n\n\n<p><strong>3.2.&nbsp;<\/strong><strong>Autoriza\u00e7\u00f5es de Contato e Divulga\u00e7\u00e3o<\/strong>.&nbsp;Voc\u00eas autorizam a&nbsp;<strong>Fellini Group<\/strong>&nbsp;a contat\u00e1-los utilizando qualquer um dos meios de contato informados no ato de inscri\u00e7\u00e3o<\/p>\n\n\n\n<p><strong>&#8211; COOKIES &#8211;<\/strong><\/p>\n\n\n\n<p><strong>4.1.&nbsp;<\/strong><strong>O que s\u00e3o os Cookies<\/strong>. Um cookie \u00e9 um trecho de informa\u00e7\u00e3o armazenado localmente no seu computador ou dispositivo, e que cont\u00e9m informa\u00e7\u00e3o acerca das atividades deste na Internet.<\/p>\n\n\n\n<p><strong>4.2.&nbsp;<\/strong><strong>Cookies Utilizados<\/strong>. Os cookies podem ser usados de diferentes formas e modalidades.&nbsp;N\u00f3s poderemos utilizar:<\/p>\n\n\n\n<p>a)&nbsp;Cookies de Desempenho: Este tipo de cookie coleta informa\u00e7\u00f5es an\u00f4nimas sobre a forma como voc\u00eas&nbsp;utilizam o site, de forma a otimiz\u00e1-lo. As informa\u00e7\u00f5es coletadas por estes cookies nunca cont\u00eam detalhes pessoais a partir dos quais seja poss\u00edvel identific\u00e1-lo.<\/p>\n\n\n\n<p>b)&nbsp;Cookies Funcionais: Estes cookies s\u00e3o usados por n\u00f3s&nbsp;por algumas de suas funcionalidades, buscando lhe oferecer uma melhor experi\u00eancia durante a utiliza\u00e7\u00e3o da Plataforma.<\/p>\n\n\n\n<p>c)&nbsp;Cookies publicit\u00e1rios: Estes cookies coletam informa\u00e7\u00f5es sobre os h\u00e1bitos de navega\u00e7\u00e3o, buscando tornar a publicidade mais relevante para&nbsp;voc\u00ea.<\/p>\n\n\n\n<p><strong>4.3.&nbsp;<\/strong><strong>Acesso aos Cookies<\/strong>. O acesso aos cookies termina assim que voc\u00ea&nbsp;fecha o navegador. \u00c9 dada a voc\u00ea&nbsp;a possibilidade de aceitar ou recusar os cookies.<\/p>\n\n\n\n<p><strong>4.4.&nbsp;<\/strong><strong>Consentimento para Utiliza\u00e7\u00e3o de Cookies<\/strong>. \u00c9 necess\u00e1ria sua aceita\u00e7\u00e3o, antes de iniciada a se\u00e7\u00e3o, para que os Cookies sejam utilizados.<\/p>\n\n\n\n<p><strong>4.5.&nbsp;<\/strong><strong>Op\u00e7\u00e3o sem Cookies<\/strong>. O titular pode optar por recusar o uso de cookies. Se Voc\u00ea optar por n\u00e3o os aceitar, o seu acesso \u00e0 maior parte das funcionalidades da plataforma n\u00e3o ser\u00e1 comprometido. Contudo, o titular poder\u00e1 n\u00e3o conseguir usar plenamente os servi\u00e7os oferecidos.<\/p>\n\n\n\n<p><strong>&#8211; ACESSO E CORRE\u00c7\u00c3O DE DADOS PESSOAIS &#8211;<\/strong><\/p>\n\n\n\n<p><strong>5.1.&nbsp;<\/strong><strong>Acesso e Retifica\u00e7\u00e3o de Dados Pessoais<\/strong>. Voc\u00eas t\u00eam direito a acessar os seus dados pessoais sob nossa&nbsp;posse, contatando os administradores atrav\u00e9s do e-mail<strong> COLOCAR E-MAIL<\/strong>, que ser\u00e1 respondido em hor\u00e1rio comercial, no prazo de 15 (quinze) dias, cumulada com descri\u00e7\u00e3o da forma, finalidade e dura\u00e7\u00e3o do tratamento dos dados pessoais, que poder\u00e1 ser enviada por e-mail ou atrav\u00e9s de carta, de acordo com o previsto no artigo 9\u00ba da LGPD.<\/p>\n\n\n\n<p><strong>5.2.&nbsp;<\/strong><strong>Exclus\u00e3o<\/strong>. Voc\u00ea tem direito de solicitar a exclus\u00e3o dos seus dados pessoais armazenados pela Fellini Group, a qualquer momento, salvo nos casos em que houver obriga\u00e7\u00e3o legal ou decis\u00e3o judicial para a manuten\u00e7\u00e3o do armazenamento dos dados, de acordo com o disposto nos artigos 18, XVI, e 16 da LGPD.<\/p>\n\n\n\n<p><strong>5.3.&nbsp;<\/strong><strong>Incorre\u00e7\u00e3o de Informa\u00e7\u00f5es<\/strong>. \u00c9 responsabilidade de voc\u00eas&nbsp;manterem suas informa\u00e7\u00f5es atualizadas, sendo certo que, em caso de incorre\u00e7\u00e3o, n\u00f3s poderemos atualiz\u00e1-las ou exclu\u00ed-las, excetuando-se os casos de necessidade de manuten\u00e7\u00e3o para fins comerciais leg\u00edtimos ou jur\u00eddicos.<\/p>\n\n\n\n<p><strong>5.4.&nbsp;<\/strong><strong>Medidas Necess\u00e1rias de Prote\u00e7\u00e3o<\/strong>. N\u00f3s tomamos as medidas de seguran\u00e7a necess\u00e1rias para proteger seus dados pessoais contra a perda, utiliza\u00e7\u00e3o indevida, acesso, divulga\u00e7\u00e3o, altera\u00e7\u00e3o ou destrui\u00e7\u00e3o n\u00e3o autorizados.<\/p>\n\n\n\n<p><strong>5.5.&nbsp;<\/strong><strong>Prote\u00e7\u00e3o de Senhas<\/strong>.&nbsp;Voc\u00eas s\u00e3o igualmente respons\u00e1veis por tomar medidas cab\u00edveis destinadas a proteger as suas senhas, nomes de usu\u00e1rio e outros recursos de acesso especiais ao cadastro pessoal na&nbsp;<strong>Fellini Group<\/strong>.<\/p>\n\n\n\n<p><strong>&#8211; Notifica\u00e7\u00e3o de Modifica\u00e7\u00f5es na Pol\u00edtica de Privacidade &#8211;<\/strong><\/p>\n\n\n\n<p><strong>6.1.&nbsp;<\/strong><strong>Altera\u00e7\u00f5es na Pol\u00edtica de Privacidade<\/strong>.&nbsp;N\u00f3spodemos alterar a Pol\u00edtica de Privacidade da Plataforma de tempos em tempos. O uso de informa\u00e7\u00f5es coletadas agora est\u00e1 sujeito \u00e0 Pol\u00edtica de Privacidade em vigor. Se n\u00f3s realizarmos mudan\u00e7as na forma como utiliza as informa\u00e7\u00f5es pessoais, notificaremos&nbsp;voc\u00eas atrav\u00e9s do envio de e-mail.<\/p>\n\n\n\n<p><strong>6.2.&nbsp;<\/strong><strong>Ajustes N\u00e3o Notificados<\/strong>. Pequenos ajustes nesta Pol\u00edtica de Privacidade podem ocorrer sem afetar significativamente as formas em que n\u00f3s&nbsp;tratamos as informa\u00e7\u00f5es coletadas, de forma que estes n\u00e3o precisar\u00e3o ser informados.<\/p>\n\n\n\n<p><strong>&#8211; COMUNICA\u00c7\u00c3O &#8211;<\/strong><\/p>\n\n\n\n<p><strong>7.1.&nbsp;<\/strong><strong>Envio de Comunica\u00e7\u00f5es<\/strong>. Voc\u00eas, ao se cadastrarem, concordam que n\u00f3s enviamos para o seu e-mail notifica\u00e7\u00f5es, publicidades, novidades sobre os servi\u00e7os e informa\u00e7\u00f5es importantes sobre a utiliza\u00e7\u00e3o dos produtos da&nbsp;<strong>Fellini Group<\/strong>.<\/p>\n\n\n\n<p><strong>7.1.1.&nbsp;<\/strong><strong>Op\u00e7\u00e3o por N\u00e3o Recebimento<\/strong>. Ao receber um e-mail em nome da StartSe, haver\u00e1 a possibilidade de optar por n\u00e3o mais receb\u00ea-los, utilizando da op\u00e7\u00e3o opt-out ou atrav\u00e9s de solicita\u00e7\u00e3o por e-mail.<\/p>\n\n\n\n<p><strong>7.2.&nbsp;<\/strong><strong>Pol\u00edtica AntiSpam<\/strong>. A&nbsp;<strong>Fellini Group<\/strong>&nbsp;toma os cuidados necess\u00e1rios para evitar o envio n\u00e3o solicitado de e-mails.<\/p>\n\n\n\n<p><strong>7.3. Confidencialidade<\/strong>. \u00c9 assegurado o m\u00e1ximo de confidencialidade no tratamento da lista de telefones e e-mails durante as tarefas regulares de nossa administra\u00e7\u00e3o.<\/p>\n\n\n\n<p><strong>&#8211; SEGURAN\u00c7A DE DADOS PESSOAIS &#8211;<\/strong><\/p>\n\n\n\n<p><strong>8.1.&nbsp;<\/strong><strong>Armazenamento<\/strong>. Os dados pessoais de sua conta e todas as informa\u00e7\u00f5es da plataforma s\u00e3o armazenados e trafegam de forma segura, sendo que apenas os colaboradores autorizados por n\u00f3s&nbsp;podem ter acesso \u00e0s suas informa\u00e7\u00f5es pessoais, estando obrigatoriamente sujeitos aos deveres de confidencialidade e rigoroso respeito \u00e0 sua privacidade nos termos desta Pol\u00edtica.<\/p>\n\n\n\n<p><strong>8.2.&nbsp;<\/strong><strong>Seguran\u00e7a da Informa\u00e7\u00e3o<\/strong>. Todas as transa\u00e7\u00f5es da <strong>Fellini Group<\/strong>&nbsp;s\u00e3o criptografadas, sujeitas a backup de dados, ferramentas de monitoramento, pol\u00edticas de seguran\u00e7a, controles de acesso para colaboradores, com softwares de seguran\u00e7a atualizados.<\/p>\n\n\n\n<p><strong>8.3.&nbsp;<\/strong><strong>Notifica\u00e7\u00e3o<\/strong>. Se n\u00f3s&nbsp;tomarmos conhecimento de qualquer viola\u00e7\u00e3o \u00e0 seguran\u00e7a pr\u00f3pria ou a empresas de hospedagem, incluindo invas\u00f5es, vazamentos de dados ou qualquer outro incidente de seguran\u00e7a da informa\u00e7\u00e3o, iremos notificar as autoridades nacionais, voc\u00eas, se afetados, acerca dessa viola\u00e7\u00e3o e iremos fornecer o m\u00e1ximo de detalhes referente \u00e0 natureza, extens\u00e3o da viola\u00e7\u00e3o e os dados comprometidos, em prazo razo\u00e1vel, de acordo com o disposto nos artigos 48, \u00a7 1\u00ba, da LGPD.<\/p>\n\n\n\n<p><strong>8.4.&nbsp;<\/strong><strong>Prazo de Armazenamento<\/strong>. N\u00f3s armazenaremos seus dados durante todo o per\u00edodo em que seu cadastro estiver ativo.<\/p>\n\n\n\n<p><strong>8.5.&nbsp;<\/strong><strong>Encarregado de Prote\u00e7\u00e3o de Dados<\/strong>. Fica definido que Thais Aquino ser\u00e1 a Encarregada de Prote\u00e7\u00e3o de Dados da&nbsp;<strong>Fellini Group <\/strong>e poder\u00e1 ser contatada atrav\u00e9s do e-mail sac@felliniturismo.com.br, nos termos do artigo 41 da Lei Geral de Prote\u00e7\u00e3o de Dados (Lei n\u00ba 13.709\/2018).<\/p>\n\n\n\n<p><strong>&#8211; DISPOSI\u00c7\u00d5ES GERAIS &#8211;<\/strong><\/p>\n\n\n\n<p><strong>9.1.&nbsp;<\/strong><strong>Responsabilidade do Usu\u00e1rio<\/strong>.&nbsp;&nbsp;Voc\u00eas ser\u00e3o respons\u00e1veis por nos indenizar por todos os custos e danos que este possa incorrer, como resultado da viola\u00e7\u00e3o desta Pol\u00edtica de Privacidade por si provocados.<\/p>\n\n\n\n<p><strong>9.2.&nbsp;<\/strong><strong>Coopera\u00e7\u00e3o com Autoridades<\/strong>.N\u00f3s cooperamos plenamente com quaisquer autoridades ou tribunais que venham a solicitar a divulga\u00e7\u00e3o da identidade ou localiza\u00e7\u00e3o de qualquer pessoa que tenha inserido qualquer material na Plataforma que violem as Cl\u00e1usulas dispostas nesta Pol\u00edtica.<\/p>\n\n\n\n<p><strong>9.3.&nbsp;<\/strong><strong>Limita\u00e7\u00e3o de Responsabilidade<\/strong>. Esta Pol\u00edtica de Privacidade aborda apenas o uso e divulga\u00e7\u00e3o de informa\u00e7\u00f5es coletadas pelanossa&nbsp;Plataforma. Se voc\u00eas&nbsp;divulgarem suas informa\u00e7\u00f5es a websites de terceiros, regras diferentes podem ser aplicadas \u00e0 utiliza\u00e7\u00e3o das suas informa\u00e7\u00f5es.<\/p>\n\n\n\n<p><strong>&#8211; LEI APLIC\u00c1VEL E JURISDI\u00c7\u00c3O &#8211;<\/strong><\/p>\n\n\n\n<p><strong>10.1.<\/strong>&nbsp;Os presentes Termos de Uso s\u00e3o regidos pelas leis brasileiras, tendo como definido o foro da Comarca Central de S\u00e3o Paulo como competente para dirimir eventuais controv\u00e9rsias oriundas destes, em preju\u00edzo de qualquer outro, por mais privilegiado que seja ou venha a ser, devendo-se dar prioridade, sempre, \u00e0s tentativas de resolu\u00e7\u00e3o por concilia\u00e7\u00e3o ou media\u00e7\u00e3o.<\/p>\n\n\n\n<p>Criada em 12 de setembro de 2020.<\/p>\n\n\n\n<p><\/p>\n","protected":false},"excerpt":{"rendered":"<p>Pol\u00edtica de Privacidade Seja bem-vindo(a)! N\u00f3s&nbsp;somos a&nbsp;Fellini Group. Nosso grupo atua em \u00e1reas de neg\u00f3cios com as seguintes nomenclaturas: Fellini Events Fellini Events Hub&amp;Tec Fellini &hellip; <\/p>\n","protected":false},"author":1,"featured_media":0,"parent":0,"menu_order":0,"comment_status":"closed","ping_status":"open","template":"","meta":{"footnotes":""},"class_list":["post-3","page","type-page","status-publish","hentry"],"_links":{"self":[{"href":"https:\/\/fellini.group\/news\/wp-json\/wp\/v2\/pages\/3","targetHints":{"allow":["GET"]}}],"collection":[{"href":"https:\/\/fellini.group\/news\/wp-json\/wp\/v2\/pages"}],"about":[{"href":"https:\/\/fellini.group\/news\/wp-json\/wp\/v2\/types\/page"}],"author":[{"embeddable":true,"href":"https:\/\/fellini.group\/news\/wp-json\/wp\/v2\/users\/1"}],"replies":[{"embeddable":true,"href":"https:\/\/fellini.group\/news\/wp-json\/wp\/v2\/comments?post=3"}],"version-history":[{"count":2,"href":"https:\/\/fellini.group\/news\/wp-json\/wp\/v2\/pages\/3\/revisions"}],"predecessor-version":[{"id":307,"href":"https:\/\/fellini.group\/news\/wp-json\/wp\/v2\/pages\/3\/revisions\/307"}],"wp:attachment":[{"href":"https:\/\/fellini.group\/news\/wp-json\/wp\/v2\/media?parent=3"}],"curies":[{"name":"wp","href":"https:\/\/api.w.org\/{rel}","templated":true}]}}